{"id":188,"date":"2024-10-12T21:43:09","date_gmt":"2024-10-12T21:43:09","guid":{"rendered":"https:\/\/infaneuro.com.co\/?page_id=188"},"modified":"2024-10-12T22:36:58","modified_gmt":"2024-10-12T22:36:58","slug":"nuestra-ips","status":"publish","type":"page","link":"https:\/\/infaneuro.com.co\/?page_id=188","title":{"rendered":"Nuestra IPS"},"content":{"rendered":"<p>[et_pb_section fb_built=\u00bb1&#8243; admin_label=\u00bbHeader\u00bb _builder_version=\u00bb4.16&#8243; use_background_color_gradient=\u00bbon\u00bb background_color_gradient_direction=\u00bb221deg\u00bb background_color_gradient_stops=\u00bb#ff8e8e 0%|rgba(255,112,0,0.2) 42%\u00bb background_color_gradient_start=\u00bb#ff8e8e\u00bb background_color_gradient_end=\u00bbrgba(255,112,0,0.2)\u00bb background_color_gradient_end_position=\u00bb42%\u00bb background_image=\u00bbhttp:\/\/infaneuro.com.co\/wp-content\/uploads\/2024\/10\/vet-01-1.png\u00bb background_size=\u00bbinitial\u00bb background_position=\u00bbbottom_center\u00bb custom_padding=\u00bb20px||5px|||\u00bb background_last_edited=\u00bbon|phone\u00bb use_background_color_gradient_tablet=\u00bbon\u00bb use_background_color_gradient_phone=\u00bbon\u00bb background_color_gradient_direction_tablet=\u00bb180deg\u00bb background_color_gradient_stops_tablet=\u00bb#ff8e8e 0%|rgba(255,112,0,0) 100%\u00bb background_color_gradient_stops_phone=\u00bb#ff8e8e 36%|rgba(255,112,0,0) 100%\u00bb background_color_gradient_start_position_phone=\u00bb36%\u00bb background_color_gradient_end_tablet=\u00bbrgba(255,112,0,0)\u00bb background_color_gradient_end_phone=\u00bbrgba(255,112,0,0)\u00bb background_color_gradient_end_position_tablet=\u00bb100%\u00bb background_color_gradient_end_position_phone=\u00bb100%\u00bb background_image_tablet=\u00bbhttp:\/\/zaib.sandbox.etdevs.com\/divi\/wp-content\/uploads\/sites\/2\/2019\/05\/vet-03.png\u00bb background_size_tablet=\u00bbcover\u00bb background_position_tablet=\u00bbbottom_center\u00bb border_style_all_tablet=\u00bb\u00bb border_style_all_phone=\u00bb\u00bb border_style_all_last_edited=\u00bbon|tablet\u00bb global_colors_info=\u00bb{}\u00bb global_module=\u00bb205&#8243; theme_builder_area=\u00bbpost_content\u00bb][et_pb_row column_structure=\u00bb1_2,1_2&#8243; _builder_version=\u00bb4.27.2&#8243; z_index=\u00bb10&#8243; custom_padding=\u00bb||0px|||\u00bb hover_enabled=\u00bb0&#8243; global_colors_info=\u00bb{}\u00bb theme_builder_area=\u00bbpost_content\u00bb sticky_enabled=\u00bb0&#8243;][et_pb_column type=\u00bb1_2&#8243; _builder_version=\u00bb4.16&#8243; custom_padding=\u00bb60px||40px|\u00bb custom_padding_tablet=\u00bb0px|||\u00bb custom_padding_phone=\u00bb0px|||\u00bb custom_padding_last_edited=\u00bbon|tablet\u00bb global_colors_info=\u00bb{}\u00bb custom_padding__hover=\u00bb|||\u00bb theme_builder_area=\u00bbpost_content\u00bb][et_pb_text _builder_version=\u00bb4.27.2&#8243; text_font=\u00bb||||||||\u00bb text_text_color=\u00bb#E02B20&#8243; header_font=\u00bb||||||||\u00bb header_text_color=\u00bb#f97122&#8243; header_font_size=\u00bb54px\u00bb header_3_font=\u00bbNunito|800||on|||||\u00bb header_3_text_color=\u00bb#a9cb6b\u00bb header_3_font_size=\u00bb14px\u00bb header_3_letter_spacing=\u00bb2px\u00bb header_3_line_height=\u00bb1.4em\u00bb locked=\u00bboff\u00bb global_colors_info=\u00bb{}\u00bb theme_builder_area=\u00bbpost_content\u00bb]<\/p>\n<h1>Nuestra IPS<\/h1>\n<p>[\/et_pb_text][\/et_pb_column][et_pb_column type=\u00bb1_2&#8243; _builder_version=\u00bb4.16&#8243; custom_padding=\u00bb60px||40px|\u00bb custom_padding_tablet=\u00bb0px|||\u00bb custom_padding_phone=\u00bb0px|||\u00bb custom_padding_last_edited=\u00bbon|tablet\u00bb global_colors_info=\u00bb{}\u00bb custom_padding__hover=\u00bb|||\u00bb theme_builder_area=\u00bbpost_content\u00bb][et_pb_image src=\u00bbhttp:\/\/infaneuro.com.co\/wp-content\/uploads\/2024\/10\/infaneuro-removebg-preview.png\u00bb _builder_version=\u00bb4.27.2&#8243; _module_preset=\u00bbdefault\u00bb theme_builder_area=\u00bbpost_content\u00bb title_text=\u00bbinfaneuro-removebg-preview\u00bb align=\u00bbcenter\u00bb hover_enabled=\u00bb0&#8243; sticky_enabled=\u00bb0&#8243; height=\u00bb100px\u00bb][\/et_pb_image][\/et_pb_column][\/et_pb_row][et_pb_row _builder_version=\u00bb4.27.2&#8243; custom_padding=\u00bb0px|||||\u00bb hover_enabled=\u00bb0&#8243; global_colors_info=\u00bb{}\u00bb theme_builder_area=\u00bbpost_content\u00bb sticky_enabled=\u00bb0&#8243;][et_pb_column type=\u00bb4_4&#8243; _builder_version=\u00bb4.16&#8243; custom_padding=\u00bb|||\u00bb hover_enabled=\u00bb0&#8243; global_colors_info=\u00bb{}\u00bb custom_padding__hover=\u00bb|||\u00bb theme_builder_area=\u00bbpost_content\u00bb sticky_enabled=\u00bb0&#8243;][et_pb_text _builder_version=\u00bb4.27.2&#8243; text_font=\u00bbNunito|600||on|||||\u00bb text_letter_spacing=\u00bb2px\u00bb background_layout=\u00bbdark\u00bb width=\u00bb100%\u00bb width_last_edited=\u00bboff|desktop\u00bb custom_margin=\u00bb||0px|||false\u00bb custom_padding=\u00bb16px|30px|16px|30px|true|true\u00bb link_option_url=\u00bb#\u00bb hover_enabled=\u00bb0&#8243; border_radii=\u00bbon|80px|80px|80px|80px\u00bb box_shadow_style=\u00bbpreset3&#8243; box_shadow_color=\u00bbrgba(49,110,255,0.4)\u00bb global_colors_info=\u00bb{}\u00bb width__hover_enabled=\u00bbon\u00bb width__hover=\u00bb100%\u00bb custom_padding__hover_enabled=\u00bbon\u00bb custom_padding__hover=\u00bb|10px||50px||false\u00bb box_shadow_color__hover_enabled=\u00bbon\u00bb box_shadow_color__hover=\u00bbrgba(49,110,255,0.6)\u00bb theme_builder_area=\u00bbpost_content\u00bb sticky_enabled=\u00bb0&#8243; text_text_color=\u00bb#0C71C3&#8243; text_font_size=\u00bb30px\u00bb]<\/p>\n<p>Misi\u00f3n<\/p>\n<p>[\/et_pb_text][et_pb_text _builder_version=\u00bb4.27.2&#8243; _module_preset=\u00bbdefault\u00bb theme_builder_area=\u00bbpost_content\u00bb hover_enabled=\u00bb0&#8243; sticky_enabled=\u00bb0&#8243; text_font_size=\u00bb17px\u00bb]<\/p>\n<p style=\"text-align: justify;\">\n<p style=\"text-align: justify;\">\n<p style=\"text-align: justify;\">INFANEURO es una instituci\u00f3n privada, comprometida en prestar servicios de salud de forma oportuna, segura y contin\u00faa, con profesionales de alta calidad humana y cient\u00edfica, que realiza tratamientos de apoyo diagn\u00f3stico y terap\u00e9utico con programas de vigilancia y rehabilitaci\u00f3n en desarrollo enfocados a poblaci\u00f3n adulta y pedi\u00e1trica, logrando su \u00f3ptimo desempe\u00f1o, y mejora en su calidad de vida y funcionalidad.<\/p>\n<p>[\/et_pb_text][\/et_pb_column][\/et_pb_row][et_pb_row _builder_version=\u00bb4.27.2&#8243; custom_padding=\u00bb0px|||||\u00bb hover_enabled=\u00bb0&#8243; global_colors_info=\u00bb{}\u00bb theme_builder_area=\u00bbpost_content\u00bb sticky_enabled=\u00bb0&#8243;][et_pb_column type=\u00bb4_4&#8243; _builder_version=\u00bb4.16&#8243; custom_padding=\u00bb|||\u00bb global_colors_info=\u00bb{}\u00bb custom_padding__hover=\u00bb|||\u00bb theme_builder_area=\u00bbpost_content\u00bb][et_pb_text _builder_version=\u00bb4.27.2&#8243; text_font=\u00bbNunito|600||on|||||\u00bb text_letter_spacing=\u00bb2px\u00bb background_layout=\u00bbdark\u00bb width=\u00bb100%\u00bb width_last_edited=\u00bboff|desktop\u00bb custom_margin=\u00bb||0px|||false\u00bb custom_padding=\u00bb16px|30px|16px|30px|true|true\u00bb link_option_url=\u00bb#\u00bb hover_enabled=\u00bb0&#8243; border_radii=\u00bbon|80px|80px|80px|80px\u00bb box_shadow_style=\u00bbpreset3&#8243; box_shadow_color=\u00bbrgba(49,110,255,0.4)\u00bb global_colors_info=\u00bb{}\u00bb width__hover_enabled=\u00bbon\u00bb width__hover=\u00bb100%\u00bb custom_padding__hover_enabled=\u00bbon\u00bb custom_padding__hover=\u00bb|10px||50px||false\u00bb box_shadow_color__hover_enabled=\u00bbon\u00bb box_shadow_color__hover=\u00bbrgba(49,110,255,0.6)\u00bb theme_builder_area=\u00bbpost_content\u00bb sticky_enabled=\u00bb0&#8243; text_text_color=\u00bb#0C71C3&#8243; text_font_size=\u00bb30px\u00bb]<\/p>\n<p>Visi\u00f3n<\/p>\n<p>[\/et_pb_text][et_pb_text _builder_version=\u00bb4.27.2&#8243; _module_preset=\u00bbdefault\u00bb theme_builder_area=\u00bbpost_content\u00bb hover_enabled=\u00bb0&#8243; sticky_enabled=\u00bb0&#8243; text_font_size=\u00bb17px\u00bb]<\/p>\n<p style=\"text-align: justify;\">\n<p style=\"text-align: justify;\">\n<p style=\"text-align: justify;\">Ser en el 2028 la instituci\u00f3n l\u00edder en la regi\u00f3n, por la extensi\u00f3n al usuario, familias y comunidad en la habilitaci\u00f3n, rehabilitaci\u00f3n y educaci\u00f3n de usuarios con necesidades espec\u00edficas y de apoyo en procesos de salud y enfermedad, con un enfoque de diversidad funcional, mejorando su desempe\u00f1o e inclusi\u00f3n a la sociedad.<\/p>\n<p>[\/et_pb_text][\/et_pb_column][\/et_pb_row][\/et_pb_section][et_pb_section fb_built=\u00bb1&#8243; theme_builder_area=\u00bbpost_content\u00bb _builder_version=\u00bb4.27.2&#8243; _module_preset=\u00bbdefault\u00bb custom_padding=\u00bb6px|||||\u00bb][et_pb_row _builder_version=\u00bb4.27.2&#8243; _module_preset=\u00bbdefault\u00bb theme_builder_area=\u00bbpost_content\u00bb][et_pb_column _builder_version=\u00bb4.27.2&#8243; _module_preset=\u00bbdefault\u00bb type=\u00bb4_4&#8243; theme_builder_area=\u00bbpost_content\u00bb][et_pb_text _builder_version=\u00bb4.27.2&#8243; _module_preset=\u00bbdefault\u00bb theme_builder_area=\u00bbpost_content\u00bb hover_enabled=\u00bb0&#8243; sticky_enabled=\u00bb0&#8243; text_font=\u00bbNunito|600|||||||\u00bb header_font=\u00bbNunito||||||||\u00bb text_letter_spacing=\u00bb3px\u00bb text_text_color=\u00bb#0C71C3&#8243; text_font_size=\u00bb30px\u00bb]<\/p>\n<p style=\"text-align: center;\"><strong>POL\u00cdTICA DE CALIDAD<\/strong><\/p>\n<p>[\/et_pb_text][\/et_pb_column][\/et_pb_row][et_pb_row _builder_version=\u00bb4.27.2&#8243; _module_preset=\u00bbdefault\u00bb column_structure=\u00bb1_2,1_2&#8243; theme_builder_area=\u00bbpost_content\u00bb][et_pb_column _builder_version=\u00bb4.27.2&#8243; _module_preset=\u00bbdefault\u00bb type=\u00bb1_2&#8243; theme_builder_area=\u00bbpost_content\u00bb][et_pb_gallery _builder_version=\u00bb4.27.2&#8243; _module_preset=\u00bbdefault\u00bb theme_builder_area=\u00bbpost_content\u00bb gallery_ids=\u00bb190,161,112,234&#8243; gallery_orderby=\u00bbrand\u00bb show_title_and_caption=\u00bboff\u00bb show_pagination=\u00bboff\u00bb hover_enabled=\u00bb0&#8243; sticky_enabled=\u00bb0&#8243; width=\u00bb100%\u00bb][\/et_pb_gallery][\/et_pb_column][et_pb_column _builder_version=\u00bb4.27.2&#8243; _module_preset=\u00bbdefault\u00bb type=\u00bb1_2&#8243; theme_builder_area=\u00bbpost_content\u00bb][et_pb_text _builder_version=\u00bb4.27.2&#8243; _module_preset=\u00bbdefault\u00bb theme_builder_area=\u00bbpost_content\u00bb hover_enabled=\u00bb0&#8243; sticky_enabled=\u00bb0&#8243; custom_padding=\u00bb||0px|||\u00bb text_font_size=\u00bb21px\u00bb text_line_height=\u00bb1.8em\u00bb]<\/p>\n<p>INFANEURO es una Instituci\u00f3n Prestadora de Servicios de Salud comprometida con el mejoramiento continuo y de calidad, que ofrece<br \/>servicios altamente calificados dirigidos a la poblaci\u00f3n de Norte de Santander.<br \/>Contamos con un equipo interdisciplinario para ofrecer a cada uno de nuestros usuarios tratamientos seguros y de alta tecnolog\u00eda diagn\u00f3stica\/terap\u00e9utica en su proceso de atenci\u00f3n.<\/p>\n<p>[\/et_pb_text][\/et_pb_column][\/et_pb_row][\/et_pb_section]<\/p>\n","protected":false},"excerpt":{"rendered":"<p>Nuestra IPSMisi\u00f3n INFANEURO es una instituci\u00f3n privada, comprometida en prestar servicios de salud de forma oportuna, segura y contin\u00faa, con profesionales de alta calidad humana y cient\u00edfica, que realiza tratamientos de apoyo diagn\u00f3stico y terap\u00e9utico con programas de vigilancia y rehabilitaci\u00f3n en desarrollo enfocados a poblaci\u00f3n adulta y pedi\u00e1trica, logrando su \u00f3ptimo desempe\u00f1o, y mejora [&hellip;]<\/p>\n","protected":false},"author":1,"featured_media":0,"parent":0,"menu_order":0,"comment_status":"closed","ping_status":"closed","template":"","meta":{"_et_pb_use_builder":"on","_et_pb_old_content":"","_et_gb_content_width":"","footnotes":""},"class_list":["post-188","page","type-page","status-publish","hentry"],"_links":{"self":[{"href":"https:\/\/infaneuro.com.co\/index.php?rest_route=\/wp\/v2\/pages\/188","targetHints":{"allow":["GET"]}}],"collection":[{"href":"https:\/\/infaneuro.com.co\/index.php?rest_route=\/wp\/v2\/pages"}],"about":[{"href":"https:\/\/infaneuro.com.co\/index.php?rest_route=\/wp\/v2\/types\/page"}],"author":[{"embeddable":true,"href":"https:\/\/infaneuro.com.co\/index.php?rest_route=\/wp\/v2\/users\/1"}],"replies":[{"embeddable":true,"href":"https:\/\/infaneuro.com.co\/index.php?rest_route=%2Fwp%2Fv2%2Fcomments&post=188"}],"version-history":[{"count":10,"href":"https:\/\/infaneuro.com.co\/index.php?rest_route=\/wp\/v2\/pages\/188\/revisions"}],"predecessor-version":[{"id":248,"href":"https:\/\/infaneuro.com.co\/index.php?rest_route=\/wp\/v2\/pages\/188\/revisions\/248"}],"wp:attachment":[{"href":"https:\/\/infaneuro.com.co\/index.php?rest_route=%2Fwp%2Fv2%2Fmedia&parent=188"}],"curies":[{"name":"wp","href":"https:\/\/api.w.org\/{rel}","templated":true}]}}