{"id":286,"date":"2024-10-13T00:32:29","date_gmt":"2024-10-13T00:32:29","guid":{"rendered":"https:\/\/infaneuro.com.co\/?page_id=286"},"modified":"2024-10-13T00:36:56","modified_gmt":"2024-10-13T00:36:56","slug":"contactenos","status":"publish","type":"page","link":"https:\/\/infaneuro.com.co\/?page_id=286","title":{"rendered":"Cont\u00e1ctenos"},"content":{"rendered":"<p>[et_pb_section fb_built=\u00bb1&#8243; admin_label=\u00bbHeader\u00bb _builder_version=\u00bb4.16&#8243; use_background_color_gradient=\u00bbon\u00bb background_color_gradient_direction=\u00bb221deg\u00bb background_color_gradient_stops=\u00bb#ff8e8e 0%|rgba(255,112,0,0.2) 42%\u00bb background_color_gradient_start=\u00bb#ff8e8e\u00bb background_color_gradient_end=\u00bbrgba(255,112,0,0.2)\u00bb background_color_gradient_end_position=\u00bb42%\u00bb background_image=\u00bbhttp:\/\/infaneuro.com.co\/wp-content\/uploads\/2024\/10\/vet-01-1.png\u00bb background_size=\u00bbinitial\u00bb background_position=\u00bbbottom_center\u00bb custom_padding=\u00bb||9px|||\u00bb background_last_edited=\u00bbon|phone\u00bb use_background_color_gradient_tablet=\u00bbon\u00bb use_background_color_gradient_phone=\u00bbon\u00bb background_color_gradient_direction_tablet=\u00bb180deg\u00bb background_color_gradient_stops_tablet=\u00bb#ff8e8e 0%|rgba(255,112,0,0) 100%\u00bb background_color_gradient_stops_phone=\u00bb#ff8e8e 36%|rgba(255,112,0,0) 100%\u00bb background_color_gradient_start_position_phone=\u00bb36%\u00bb background_color_gradient_end_tablet=\u00bbrgba(255,112,0,0)\u00bb background_color_gradient_end_phone=\u00bbrgba(255,112,0,0)\u00bb background_color_gradient_end_position_tablet=\u00bb100%\u00bb background_color_gradient_end_position_phone=\u00bb100%\u00bb background_image_tablet=\u00bbhttp:\/\/zaib.sandbox.etdevs.com\/divi\/wp-content\/uploads\/sites\/2\/2019\/05\/vet-03.png\u00bb background_size_tablet=\u00bbcover\u00bb background_position_tablet=\u00bbbottom_center\u00bb border_style_all_tablet=\u00bb\u00bb border_style_all_phone=\u00bb\u00bb border_style_all_last_edited=\u00bbon|tablet\u00bb global_colors_info=\u00bb{}\u00bb][et_pb_row column_structure=\u00bb1_2,1_2&#8243; _builder_version=\u00bb4.16&#8243; z_index=\u00bb10&#8243; custom_padding=\u00bb||0px|||\u00bb global_colors_info=\u00bb{}\u00bb][et_pb_column type=\u00bb1_2&#8243; _builder_version=\u00bb4.16&#8243; custom_padding=\u00bb60px||40px|\u00bb custom_padding_tablet=\u00bb0px|||\u00bb custom_padding_phone=\u00bb0px|||\u00bb custom_padding_last_edited=\u00bbon|tablet\u00bb global_colors_info=\u00bb{}\u00bb custom_padding__hover=\u00bb|||\u00bb][et_pb_text _builder_version=\u00bb4.27.2&#8243; text_font=\u00bb||||||||\u00bb text_font_size=\u00bb18px\u00bb text_line_height=\u00bb1.8em\u00bb header_font=\u00bbNunito|700|||||||\u00bb header_text_color=\u00bb#f96722&#8243; header_font_size=\u00bb56px\u00bb header_line_height=\u00bb1.2em\u00bb text_font_size_tablet=\u00bb\u00bb text_font_size_phone=\u00bb14px\u00bb text_font_size_last_edited=\u00bbon|phone\u00bb header_font_size_tablet=\u00bb\u00bb header_font_size_phone=\u00bb32px\u00bb header_font_size_last_edited=\u00bbon|phone\u00bb global_colors_info=\u00bb{}\u00bb]<\/p>\n<h1>Cont\u00e1ctenos<\/h1>\n<p>[\/et_pb_text][et_pb_text _builder_version=\u00bb4.27.2&#8243; _module_preset=\u00bbdefault\u00bb text_font_size=\u00bb27px\u00bb hover_enabled=\u00bb0&#8243; global_colors_info=\u00bb{}\u00bb sticky_enabled=\u00bb0&#8243; custom_padding=\u00bb||0px|||\u00bb header_text_align=\u00bbleft\u00bb]<\/p>\n<p>Atenderlos con calidad, siempre nuestra prioridad.<\/p>\n<p>Estamos atentos a sus solicitudes<\/p>\n<p>[\/et_pb_text][\/et_pb_column][et_pb_column type=\u00bb1_2&#8243; _builder_version=\u00bb4.16&#8243; custom_padding=\u00bb|||\u00bb global_colors_info=\u00bb{}\u00bb custom_padding__hover=\u00bb|||\u00bb][et_pb_image src=\u00bbhttp:\/\/infaneuro.com.co\/wp-content\/uploads\/2024\/10\/operador-removebg-preview.png\u00bb title_text=\u00bboperador-removebg-preview\u00bb _builder_version=\u00bb4.27.2&#8243; transform_scale_tablet=\u00bb\u00bb transform_scale_phone=\u00bb\u00bb transform_scale_last_edited=\u00bbon|desktop\u00bb transform_translate=\u00bb0px|22px\u00bb transform_translate_tablet=\u00bb0px|0px\u00bb transform_translate_phone=\u00bb\u00bb transform_translate_last_edited=\u00bbon|phone\u00bb transform_translate_linked=\u00bboff\u00bb transform_rotate_tablet=\u00bb\u00bb transform_rotate_phone=\u00bb\u00bb transform_rotate_last_edited=\u00bbon|desktop\u00bb transform_skew_tablet=\u00bb\u00bb transform_skew_phone=\u00bb\u00bb transform_skew_last_edited=\u00bbon|desktop\u00bb transform_origin_tablet=\u00bb\u00bb transform_origin_phone=\u00bb\u00bb transform_origin_last_edited=\u00bbon|desktop\u00bb transform_styles_last_edited=\u00bbon|phone\u00bb width_last_edited=\u00bboff|desktop\u00bb max_width_tablet=\u00bb400px\u00bb max_width_phone=\u00bb\u00bb max_width_last_edited=\u00bbon|desktop\u00bb module_alignment=\u00bbleft\u00bb custom_margin=\u00bb|||-10%\u00bb custom_margin_tablet=\u00bb|||0%\u00bb custom_margin_phone=\u00bb\u00bb custom_margin_last_edited=\u00bbon|desktop\u00bb transform_styles_tablet=\u00bb\u00bb transform_styles_phone=\u00bb\u00bb global_colors_info=\u00bb{}\u00bb][\/et_pb_image][\/et_pb_column][\/et_pb_row][et_pb_row _builder_version=\u00bb4.16&#8243; custom_padding=\u00bb0px|||||\u00bb global_colors_info=\u00bb{}\u00bb][et_pb_column type=\u00bb4_4&#8243; _builder_version=\u00bb4.16&#8243; custom_padding=\u00bb|||\u00bb global_colors_info=\u00bb{}\u00bb custom_padding__hover=\u00bb|||\u00bb][et_pb_text _builder_version=\u00bb4.16&#8243; text_font=\u00bbNunito|800||on|||||\u00bb text_letter_spacing=\u00bb2px\u00bb use_background_color_gradient=\u00bbon\u00bb background_color_gradient_direction=\u00bb90deg\u00bb background_color_gradient_stops=\u00bb#316eff 50%|#1d2b60 100%\u00bb background_color_gradient_start=\u00bb#316eff\u00bb background_color_gradient_start_position=\u00bb50%\u00bb background_color_gradient_end=\u00bb#1d2b60&#8243; background_layout=\u00bbdark\u00bb width=\u00bb84%\u00bb width_last_edited=\u00bboff|desktop\u00bb custom_margin=\u00bb||0px|||false\u00bb custom_padding=\u00bb16px|30px|16px|30px|true|true\u00bb link_option_url=\u00bb#\u00bb border_radii=\u00bbon|80px|80px|80px|80px\u00bb box_shadow_style=\u00bbpreset3&#8243; box_shadow_color=\u00bbrgba(49,110,255,0.4)\u00bb global_colors_info=\u00bb{}\u00bb width__hover_enabled=\u00bbon\u00bb width__hover=\u00bb100%\u00bb custom_padding__hover_enabled=\u00bbon\u00bb custom_padding__hover=\u00bb|10px||50px||false\u00bb box_shadow_color__hover_enabled=\u00bbon\u00bb box_shadow_color__hover=\u00bbrgba(49,110,255,0.6)\u00bb]<\/p>\n<p>Sede La Playa<\/p>\n<p>[\/et_pb_text][et_pb_text _builder_version=\u00bb4.16&#8243; text_font=\u00bbNunito|800||on|||||\u00bb text_text_color=\u00bb#121f60&#8243; text_letter_spacing=\u00bb2px\u00bb use_background_color_gradient=\u00bbon\u00bb background_color_gradient_direction=\u00bb90deg\u00bb background_color_gradient_stops=\u00bbrgba(0,229,198,0) 30%|#00e5c6 100%\u00bb background_color_gradient_start=\u00bbrgba(0,229,198,0)\u00bb background_color_gradient_start_position=\u00bb30%\u00bb background_color_gradient_end=\u00bb#00e5c6&#8243; text_orientation=\u00bbright\u00bb width=\u00bb84%\u00bb width_last_edited=\u00bboff|desktop\u00bb module_alignment=\u00bbright\u00bb custom_margin=\u00bb|||||false\u00bb custom_padding=\u00bb16px|30px|16px|30px|true|true\u00bb link_option_url=\u00bb#\u00bb background_last_edited=\u00bbon|tablet\u00bb use_background_color_gradient_tablet=\u00bbon\u00bb use_background_color_gradient_phone=\u00bbon\u00bb background_color_gradient_stops_tablet=\u00bbrgba(0,229,198,0) 0%|#00e5c6 50%\u00bb background_color_gradient_stops_phone=\u00bbrgba(0,229,198,0) 0%|#00e5c6 0%\u00bb background_color_gradient_start_position_tablet=\u00bb0%\u00bb background_color_gradient_end_position_tablet=\u00bb50%\u00bb background_color_gradient_end_position_phone=\u00bb0%\u00bb border_radii=\u00bbon|80px|80px|80px|80px\u00bb text_text_align=\u00bbright\u00bb global_colors_info=\u00bb{}\u00bb width__hover_enabled=\u00bbon\u00bb width__hover=\u00bb100%\u00bb custom_padding__hover_enabled=\u00bbon\u00bb custom_padding__hover=\u00bb|20px||40px||false\u00bb box_shadow_color__hover_enabled=\u00bbon\u00bb box_shadow_color__hover=\u00bbrgba(49,110,255,0.6)\u00bb background__hover_enabled=\u00bbon\u00bb background_color_gradient_end__hover=\u00bb#00d5e0&#8243; use_background_color_gradient__hover=\u00bbon\u00bb background_color_gradient_start__hover=\u00bbrgba(0,229,198,0)\u00bb background_color_gradient_direction__hover=\u00bb90deg\u00bb background_color_gradient_stops__hover=\u00bbrgba(0,229,198,0) 30%|#00d5e0 100%\u00bb]<\/p>\n<p>Sede Riviera Medical<\/p>\n<p>[\/et_pb_text][\/et_pb_column][\/et_pb_row][\/et_pb_section][et_pb_section fb_built=\u00bb1&#8243; admin_label=\u00bbContact Info\u00bb _builder_version=\u00bb4.27.2&#8243; background_color=\u00bb#b8d2e4&#8243; z_index=\u00bb10&#8243; custom_padding=\u00bb26px||8px|||\u00bb global_module=\u00bb294&#8243; global_colors_info=\u00bb{}\u00bb][et_pb_row column_structure=\u00bb1_2,1_2&#8243; _builder_version=\u00bb4.27.2&#8243; _module_preset=\u00bbdefault\u00bb custom_padding=\u00bb5px|||||\u00bb global_colors_info=\u00bb{}\u00bb][et_pb_column type=\u00bb1_2&#8243; _builder_version=\u00bb4.27.2&#8243; _module_preset=\u00bbdefault\u00bb global_colors_info=\u00bb{}\u00bb][et_pb_text _builder_version=\u00bb4.27.2&#8243; _module_preset=\u00bbdefault\u00bb global_colors_info=\u00bb{}\u00bb]<\/p>\n<p style=\"text-align: center;\"><strong>Sede La Playa<\/strong><\/p>\n<p style=\"text-align: center;\">\n<p style=\"text-align: center;\">Direcci\u00f3n: Calle 17 0-49<br \/>Tel\u00e9fono- Convenios: +57 310 3893438<br \/>Tel\u00e9fono- Asignaci\u00f3n de citas: +57 310 8129752<\/p>\n<p>[\/et_pb_text][\/et_pb_column][et_pb_column type=\u00bb1_2&#8243; _builder_version=\u00bb4.27.2&#8243; _module_preset=\u00bbdefault\u00bb global_colors_info=\u00bb{}\u00bb][et_pb_text _builder_version=\u00bb4.27.2&#8243; _module_preset=\u00bbdefault\u00bb global_colors_info=\u00bb{}\u00bb]<\/p>\n<p style=\"text-align: center;\"><strong>Sede Riviera Medical<\/strong><\/p>\n<p style=\"text-align: center;\">\n<p style=\"text-align: center;\">Direcci\u00f3n: CALLE 9 #6E-90 BARRIO LA RIVIERA<br \/>Tel\u00e9fono- Convenios: +57 310 3893438<br \/>Tel\u00e9fono- Asignaci\u00f3n de citas: +57 311 5809007<\/p>\n<p>[\/et_pb_text][\/et_pb_column][\/et_pb_row][\/et_pb_section][et_pb_section fb_built=\u00bb1&#8243; _builder_version=\u00bb4.27.2&#8243; _module_preset=\u00bbdefault\u00bb custom_padding=\u00bb||8px|||\u00bb global_colors_info=\u00bb{}\u00bb][et_pb_row column_structure=\u00bb1_2,1_2&#8243; _builder_version=\u00bb4.27.2&#8243; _module_preset=\u00bbdefault\u00bb custom_margin=\u00bb-53px|auto||auto||\u00bb custom_padding=\u00bb||10px|||\u00bb global_colors_info=\u00bb{}\u00bb][et_pb_column type=\u00bb1_2&#8243; _builder_version=\u00bb4.27.2&#8243; _module_preset=\u00bbdefault\u00bb global_colors_info=\u00bb{}\u00bb][et_pb_text _builder_version=\u00bb4.27.2&#8243; _module_preset=\u00bbdefault\u00bb global_colors_info=\u00bb{}\u00bb]<\/p>\n<p style=\"text-align: center;\">Asignaci\u00f3n de citas canal de Whatsapp La Playa<\/p>\n<p>[\/et_pb_text][et_pb_image src=\u00bbhttp:\/\/infaneuro.com.co\/wp-content\/uploads\/2024\/10\/whatsapp-icon-1.png\u00bb title_text=\u00bbwhatsapp-icon (1)\u00bb url=\u00bbhttps:\/\/wa.me\/+573108129752&#8243; align=\u00bbcenter\u00bb _builder_version=\u00bb4.27.2&#8243; _module_preset=\u00bbdefault\u00bb global_colors_info=\u00bb{}\u00bb][\/et_pb_image][\/et_pb_column][et_pb_column type=\u00bb1_2&#8243; _builder_version=\u00bb4.27.2&#8243; _module_preset=\u00bbdefault\u00bb global_colors_info=\u00bb{}\u00bb][et_pb_text _builder_version=\u00bb4.27.2&#8243; _module_preset=\u00bbdefault\u00bb global_colors_info=\u00bb{}\u00bb]<\/p>\n<p style=\"text-align: center;\">Asignaci\u00f3n de citas canal de Whatsapp Riviera<\/p>\n<p>[\/et_pb_text][et_pb_image src=\u00bbhttp:\/\/infaneuro.com.co\/wp-content\/uploads\/2024\/10\/whatsapp-2-icon.png\u00bb title_text=\u00bbwhatsapp-2-icon\u00bb url=\u00bbhttps:\/\/wa.me\/+573115809007&#8243; align=\u00bbcenter\u00bb _builder_version=\u00bb4.27.2&#8243; _module_preset=\u00bbdefault\u00bb global_colors_info=\u00bb{}\u00bb][\/et_pb_image][\/et_pb_column][\/et_pb_row][\/et_pb_section][et_pb_section fb_built=\u00bb1&#8243; _builder_version=\u00bb4.27.2&#8243; _module_preset=\u00bbdefault\u00bb custom_padding=\u00bb30px|||||\u00bb global_colors_info=\u00bb{}\u00bb][et_pb_row column_structure=\u00bb1_2,1_2&#8243; _builder_version=\u00bb4.27.2&#8243; _module_preset=\u00bbdefault\u00bb custom_margin=\u00bb-26px|auto||auto||\u00bb custom_padding=\u00bb20px|||||\u00bb global_colors_info=\u00bb{}\u00bb][et_pb_column type=\u00bb1_2&#8243; _builder_version=\u00bb4.27.2&#8243; _module_preset=\u00bbdefault\u00bb global_colors_info=\u00bb{}\u00bb][et_pb_code _builder_version=\u00bb4.27.2&#8243; _module_preset=\u00bbdefault\u00bb global_colors_info=\u00bb{}\u00bb]<iframe src=\"https:\/\/www.google.com\/maps\/embed?pb=!1m18!1m12!1m3!1d3952.139286091011!2d-72.50047932499751!3d7.880491905908471!2m3!1f0!2f0!3f0!3m2!1i1024!2i768!4f13.1!3m3!1m2!1s0x8e6645989153f661%3A0x2ee80514485e0024!2sEl%20Instituto%20Neurol%C3%B3gico%20Infantil!5e0!3m2!1ses-419!2smx!4v1728778909787!5m2!1ses-419!2smx\" width=\"600\" height=\"450\" style=\"border:0;\" allowfullscreen=\"\" loading=\"lazy\" referrerpolicy=\"no-referrer-when-downgrade\"><\/iframe>[\/et_pb_code][\/et_pb_column][et_pb_column type=\u00bb1_2&#8243; _builder_version=\u00bb4.27.2&#8243; _module_preset=\u00bbdefault\u00bb global_colors_info=\u00bb{}\u00bb][et_pb_code _builder_version=\u00bb4.27.2&#8243; _module_preset=\u00bbdefault\u00bb global_colors_info=\u00bb{}\u00bb]<iframe src=\"https:\/\/www.google.com\/maps\/embed?pb=!1m18!1m12!1m3!1d3952.0471615695255!2d-72.49617772080931!3d7.890135085512474!2m3!1f0!2f0!3f0!3m2!1i1024!2i768!4f13.1!3m3!1m2!1s0x8e66455a19987f03%3A0xfef9b1fe50b59a5e!2sINFANEURO!5e0!3m2!1ses-419!2smx!4v1728779042034!5m2!1ses-419!2smx\" width=\"600\" height=\"450\" style=\"border:0;\" allowfullscreen=\"\" loading=\"lazy\" referrerpolicy=\"no-referrer-when-downgrade\"><\/iframe>[\/et_pb_code][\/et_pb_column][\/et_pb_row][\/et_pb_section]<\/p>\n","protected":false},"excerpt":{"rendered":"<p>Cont\u00e1ctenosAtenderlos con calidad, siempre nuestra prioridad. Estamos atentos a sus solicitudesSede La PlayaSede Riviera MedicalSede La Playa Direcci\u00f3n: Calle 17 0-49Tel\u00e9fono- Convenios: +57 310 3893438Tel\u00e9fono- Asignaci\u00f3n de citas: +57 310 8129752Sede Riviera Medical Direcci\u00f3n: CALLE 9 #6E-90 BARRIO LA RIVIERATel\u00e9fono- Convenios: +57 310 3893438Tel\u00e9fono- Asignaci\u00f3n de citas: +57 311 5809007Asignaci\u00f3n de citas canal de Whatsapp [&hellip;]<\/p>\n","protected":false},"author":1,"featured_media":0,"parent":0,"menu_order":0,"comment_status":"closed","ping_status":"closed","template":"","meta":{"_et_pb_use_builder":"on","_et_pb_old_content":"","_et_gb_content_width":"","footnotes":""},"class_list":["post-286","page","type-page","status-publish","hentry"],"_links":{"self":[{"href":"https:\/\/infaneuro.com.co\/index.php?rest_route=\/wp\/v2\/pages\/286","targetHints":{"allow":["GET"]}}],"collection":[{"href":"https:\/\/infaneuro.com.co\/index.php?rest_route=\/wp\/v2\/pages"}],"about":[{"href":"https:\/\/infaneuro.com.co\/index.php?rest_route=\/wp\/v2\/types\/page"}],"author":[{"embeddable":true,"href":"https:\/\/infaneuro.com.co\/index.php?rest_route=\/wp\/v2\/users\/1"}],"replies":[{"embeddable":true,"href":"https:\/\/infaneuro.com.co\/index.php?rest_route=%2Fwp%2Fv2%2Fcomments&post=286"}],"version-history":[{"count":9,"href":"https:\/\/infaneuro.com.co\/index.php?rest_route=\/wp\/v2\/pages\/286\/revisions"}],"predecessor-version":[{"id":304,"href":"https:\/\/infaneuro.com.co\/index.php?rest_route=\/wp\/v2\/pages\/286\/revisions\/304"}],"wp:attachment":[{"href":"https:\/\/infaneuro.com.co\/index.php?rest_route=%2Fwp%2Fv2%2Fmedia&parent=286"}],"curies":[{"name":"wp","href":"https:\/\/api.w.org\/{rel}","templated":true}]}}